{"id":6570,"date":"2025-02-14T16:14:03","date_gmt":"2025-02-14T19:14:03","guid":{"rendered":"https:\/\/achievemore.com.br\/?page_id=6570"},"modified":"2025-02-28T15:32:49","modified_gmt":"2025-02-28T18:32:49","slug":"politica-de-privacidade-achievemore","status":"publish","type":"page","link":"https:\/\/achievemore.com.br\/es\/politica-de-privacidade-achievemore\/","title":{"rendered":"Pol\u00edtica de Privacidad"},"content":{"rendered":"<div data-elementor-type=\"wp-page\" data-elementor-id=\"6570\" class=\"elementor elementor-6570\">\n\t\t\t\t\t\t<section class=\"elementor-section elementor-top-section elementor-element elementor-element-65703a8c elementor-section-boxed elementor-section-height-default elementor-section-height-default\" data-id=\"65703a8c\" data-element_type=\"section\">\n\t\t\t\t\t\t<div class=\"elementor-container elementor-column-gap-default\">\n\t\t\t\t\t<div class=\"elementor-column elementor-col-100 elementor-top-column elementor-element elementor-element-6caa1448\" data-id=\"6caa1448\" data-element_type=\"column\">\n\t\t\t<div class=\"elementor-widget-wrap elementor-element-populated\">\n\t\t\t\t\t\t<div class=\"elementor-element elementor-element-691cfc9b elementor-widget elementor-widget-text-editor\" data-id=\"691cfc9b\" data-element_type=\"widget\" data-widget_type=\"text-editor.default\">\n\t\t\t\t<div class=\"elementor-widget-container\">\n\t\t\t\t\t\t\t\t\t\n<p><strong>Objetivo<\/strong><\/p>\n\n\n\n<p>El prop\u00f3sito de la Pol\u00edtica de Privacidad es establecer una relaci\u00f3n de compromiso con la privacidad de la informaci\u00f3n personal de sus clientes usuarios. Al utilizar la aplicaci\u00f3n y los servicios de ACHIEVEMORE, el usuario acepta los t\u00e9rminos presentados en esta pol\u00edtica.<\/p>\n\n\n\n<p>Dominios cubiertos<\/p>\n\n\n\n<p>Esta pol\u00edtica se aplica al dominio Achievemore.com.br y sus subdominios.<\/p>\n\n\n\n<p>Informaci\u00f3n recopilada \/ uso de la informaci\u00f3n<\/p>\n\n\n\n<p>Para cada usuario cliente que accede a nuestra soluci\u00f3n, ACHIEVEMORE reconoce autom\u00e1ticamente el dominio del visitante, el tipo de navegador y el sistema operativo, el idioma predeterminado del navegador, la IP y la informaci\u00f3n demogr\u00e1fica asociada, y el registro de sesiones visitadas, actividades realizadas y tiempos de estad\u00eda. Esta informaci\u00f3n se utiliza \u00fanicamente para demandas internas, con fines de gesti\u00f3n de la seguridad y an\u00e1lisis y mejora de los servicios prestados por ACHIEVEMORE a sus clientes. ACHIEVEMORE tambi\u00e9n recopila informaci\u00f3n de registro de sus usuarios, como nombre, raz\u00f3n social, correo electr\u00f3nico y tel\u00e9fono celular, de acuerdo con el contenido especificado con el cliente, al momento de contratar el servicio. Esta informaci\u00f3n se utiliza para activar las funciones de comunicaci\u00f3n y notificaci\u00f3n incluidas en la soluci\u00f3n. Esta informaci\u00f3n tambi\u00e9n se puede utilizar para recibir comunicaciones de marketing y otras comunicaciones de ACHIEVEMORE. La informaci\u00f3n sobre c\u00f3mo deshabilitar el contenido recibido por ACHIEVEMORE se puede encontrar en la secci\u00f3n PREFERENCIAS DE COMUNICACI\u00d3N de este documento.<\/p>\n\n\n\n<p><strong>Intercambiar las informaciones recopiladas<\/strong><\/p>\n\n\n\n<p>ACHIEVEMORE puede compartir los datos recopilados sobre los usuarios de sus clientes con los proveedores de servicios de la Compa\u00f1\u00eda, para garantizar la calidad de la informaci\u00f3n proporcionada. Excepto como se describe en esta Pol\u00edtica de Privacidad, ACHIEVEMORE no comparte, vende, alquila ni intercambia informaci\u00f3n con terceros con fines promocionales. ACHIEVEMORE puede asociarse con otras empresas para ofrecer productos y servicios de forma conjunta. Si el cliente adquiere o expresa un inter\u00e9s espec\u00edfico en uno de estos productos o servicios, ACHIEVEMORE puede compartir su informaci\u00f3n recopilada, en asociaci\u00f3n con su compra o expresi\u00f3n de inter\u00e9s en los servicios con nuestros socios. ACHIEVEMORE no controla c\u00f3mo nuestros socios comerciales utilizan los datos de los clientes que recopilamos. Dicho uso se basar\u00e1 en sus propias Pol\u00edticas de Privacidad. Si el Cliente no desea que sus datos sean compartidos de esta forma, debe evitar adquirir o manifestar un inter\u00e9s espec\u00edfico en cualquiera de estos productos o servicios ofrecidos en conjunto. ACHIEVEMORE se reserva el derecho de usar o divulgar la informaci\u00f3n proporcionada si as\u00ed lo requiere la ley o si tiene razones para creer que dicho uso o divulgaci\u00f3n es necesario para proteger sus derechos y \/ o cumplir con cualquier procedimiento legal, orden judicial o proceso legal.<\/p>\n\n\n\n<p><strong>Conservaci\u00f3n de las informaciones recopilada<\/strong><\/p>\n\n\n\n<p>La informaci\u00f3n personal del cliente usuario y toda la informaci\u00f3n recopilada vinculada a su cuenta se conservar\u00e1 mientras la relaci\u00f3n de prestaci\u00f3n del servicio entre ACHIEVEMORE y el Cliente est\u00e9 activa. Al final de una relaci\u00f3n contractual entre ACHIEVEMORE y el Cliente, toda la informaci\u00f3n proporcionada, as\u00ed como los resultados generados a trav\u00e9s de estos, se pondr\u00e1n a disposici\u00f3n del Cliente.<\/p>\n\n\n\n<p><strong>Informaciones de navegaci\u00f3n<\/strong><\/p>\n\n\n\n<p>Para capturar la informaci\u00f3n de no registro utilizada por la aplicaci\u00f3n, ACHIEVEMORE utiliza cookies de navegador, cookies de sesi\u00f3n y cookies persistentes. Las cookies del navegador son generadas por el propio navegador del usuario que contiene su informaci\u00f3n demogr\u00e1fica y del navegador con cada sesi\u00f3n iniciada. Las cookies de sesi\u00f3n solo duran una sesi\u00f3n. Desaparecen de su computadora cuando cierra el software de su navegador o apaga su dispositivo. Las cookies persistentes permanecen en su computadora despu\u00e9s de que cierra su navegador o apaga su dispositivo. Todas las cookies utilizadas, ya sean de sesi\u00f3n o persistentes, contienen informaci\u00f3n encriptada que nos permite identificarlo de manera \u00fanica. Se requieren cookies para acceder a nuestros servicios. La informaci\u00f3n de registro de usuario es proporcionada por el usuario y \/ o cliente al que pertenece.<\/p>\n\n\n\n<p><strong>Preferencia de Comunicacion<\/strong><\/p>\n\n\n\n<p>A ACHIEVEMORE ofrece a los Clientes y Visitantes que proporcionan informaci\u00f3n de contacto un medio para elegir c\u00f3mo ACHIEVEMORE debe utilizar la informaci\u00f3n proporcionada. El Cliente puede gestionar la recepci\u00f3n de comunicaciones de marketing y otras comunicaciones haciendo clic en el enlace \"cancelar suscripci\u00f3n aqu\u00ed\" que se encuentra en la parte inferior de los correos electr\u00f3nicos de marketing de ACHIEVEMORE. Adem\u00e1s, puede enviar una solicitud especificando sus preferencias de comunicaci\u00f3n a suporte@achievemore.com.br. La recepci\u00f3n de correos electr\u00f3nicos sobre notificaciones y funcionalidades de la aplicaci\u00f3n puede ser gestionada por el usuario a trav\u00e9s de su cuenta ACHIEVEMORE, en la secci\u00f3n de Alertas.<\/p>\n\n\n\n<p><strong>Seguridad de la Informaci\u00f3n<\/strong><\/p>\n\n\n\n<p>La seguridad de la informaci\u00f3n es una prioridad para ACHIEVEMORE. Por ello, contamos con una Pol\u00edtica de Seguridad que implementa medidas t\u00e9cnicas, f\u00edsicas y administrativas con el fin de garantizar la protecci\u00f3n de la informaci\u00f3n utilizada en la aplicaci\u00f3n. Estas medidas incluyen:<\/p>\n\n\n\n<p>Pol\u00edticas de seguridad de recursos humanos: entre las medidas adoptadas se encuentran la firma de la Pol\u00edtica de Confidencialidad ACHIEVEMORE por parte de todos sus empleados y la adopci\u00f3n de una Pol\u00edtica de Niveles de Acceso que asegure que solo los empleados clave autorizados tengan acceso a los centros de datos que suministran y alojan la aplicaci\u00f3n;<\/p>\n\n\n\n<p>Seguridad del hosting: nuestros servicios est\u00e1n instalados en centros de datos de alta calidad, certificados con est\u00e1ndares internacionales de seguridad de datos (ISO27001, ISO27002 y SSAE16). Los centros de datos est\u00e1n equipados con dispositivos que cubren medidas de protecci\u00f3n f\u00edsica, controles ambientales, energ\u00eda y plan de recuperaci\u00f3n de desastres;<\/p>\n\n\n\n<p>Seguridad operativa: ACHIEVEMORE sigue rigurosos procesos de actualizaci\u00f3n y mantenimiento, asegurando la continuidad del servicio y la integridad de la informaci\u00f3n divulgada, adem\u00e1s de mantener registros y documentaci\u00f3n de todas estas rutinas;<\/p>\n\n\n\n<p>Seguridad en el tr\u00e1fico de informaci\u00f3n: ACHIEVEMORE cuenta con certificaciones que garantizan sesiones y protocolos de transmisi\u00f3n seguros, adem\u00e1s de firewalls perimetrales y enrutadores de \u00faltima generaci\u00f3n, y almacenamiento encriptado de login y contrase\u00f1a;<\/p>\n\n\n\n<p>La Pol\u00edtica de Seguridad completa, que contiene el detalle de las medidas adoptadas por ACHIEVEMORE, se puede consultar en el documento Pol\u00edtica de Seguridad de Achievemore.<\/p>\n\n\n\n<p><strong>Uso de im\u00e1genes\/ Fotograf\u00edas<\/strong><\/p>\n\n\n\n<p>Cualquier imagen\/ foto utilizada en este sitio\/ aplicaci\u00f3n est\u00e1 prohibida para su descarga, reedici\u00f3n, retransmisi\u00f3n, reproducci\u00f3n u otros fines.<\/p>\n\n\n\n<p><strong>Informaci\u00f3n contenida en Foros P\u00fablicos<\/strong><\/p>\n\n\n\n<p>ACHIEVEMORE puede proporcionar listas o blogs en sus sitios web. Toda la informaci\u00f3n personal que el usuario env\u00eda a este tipo de foro puede ser le\u00edda, recopilada o utilizada por sus visitantes, incluso para enviarle mensajes no solicitados. ACHIEVEMORE no es responsable de la informaci\u00f3n personal que el Usuario Cliente decida enviar a estos foros. ACHIEVEMORE puede publicar en sus sitios web una lista de Clientes y testimonios que contengan informaci\u00f3n como nombres y t\u00edtulos de estos clientes. ACHIEVEMORE obtiene el consentimiento de cada uno de estos Clientes antes de divulgar testimonios o cualquier informaci\u00f3n de esta lista.<\/p>\n\n\n\n<p><strong>Notificaci\u00f3n de cambios en la pol\u00edtica<\/strong><\/p>\n\n\n\n<p>A ACHIEVEMORE se reserva el derecho de cambiar esta pol\u00edtica cuando lo considere necesario. En caso de cualquier cambio, los Clientes Usuarios ser\u00e1n notificados con 30 (treinta) d\u00edas h\u00e1biles de anticipaci\u00f3n a la entrada en vigencia.<\/p>\n\n\n\n<p><strong>Contacto<\/strong><\/p>\n\n\n\n<p>En caso de dudas relacionadas con la Pol\u00edtica de Privacidad de ACHIEVEMORE, el usuario cliente puede ponerse en contacto a trav\u00e9s del canal suporte@achievemore.com.br.<\/p>\n\n\n\n<p>Versi\u00f3n 3.6 - \u00daltima actualizaci\u00f3n \/ revisi\u00f3n: FEV21<\/p>\n\t\t\t\t\t\t\t\t<\/div>\n\t\t\t\t<\/div>\n\t\t\t\t\t<\/div>\n\t\t<\/div>\n\t\t\t\t\t<\/div>\n\t\t<\/section>\n\t\t\t\t<\/div>","protected":false},"excerpt":{"rendered":"<p>Objetivo A Pol\u00edtica de Privacidade tem como finalidade estabelecer as rela\u00e7\u00f5es de comprometimento com a privacidade das informa\u00e7\u00f5es pessoais dos seus clientes usu\u00e1rios. Ao utilizar a aplica\u00e7\u00e3o e servi\u00e7os ACHIEVEMORE, o usu\u00e1rio est\u00e1 de acordo com os termos apresentados nesta pol\u00edtica. Dom\u00ednios Cobertos Esta pol\u00edtica se aplica ao dom\u00ednio Achievemore.com.br e seus subdom\u00ednios. Informa\u00e7\u00f5es Coletadas\/ &hellip; <\/p>","protected":false},"author":10,"featured_media":6902,"parent":0,"menu_order":0,"comment_status":"closed","ping_status":"closed","template":"","meta":{"_acf_changed":false,"footnotes":""},"class_list":["post-6570","page","type-page","status-publish","has-post-thumbnail","hentry"],"acf":[],"yoast_head":"<!-- This site is optimized with the Yoast SEO plugin v26.5 - https:\/\/yoast.com\/wordpress\/plugins\/seo\/ -->\n<title>Pol\u00edtica de Privacidade - AchieveMore<\/title>\n<meta name=\"robots\" content=\"index, follow, max-snippet:-1, max-image-preview:large, max-video-preview:-1\" \/>\n<link rel=\"canonical\" href=\"https:\/\/achievemore.com.br\/es\/politica-de-privacidade-achievemore\/\" \/>\n<meta property=\"og:locale\" content=\"es_ES\" \/>\n<meta property=\"og:type\" content=\"article\" \/>\n<meta property=\"og:title\" content=\"Pol\u00edtica de Privacidade - AchieveMore\" \/>\n<meta property=\"og:description\" content=\"Objetivo A Pol\u00edtica de Privacidade tem como finalidade estabelecer as rela\u00e7\u00f5es de comprometimento com a privacidade das informa\u00e7\u00f5es pessoais dos seus clientes usu\u00e1rios. Ao utilizar a aplica\u00e7\u00e3o e servi\u00e7os ACHIEVEMORE, o usu\u00e1rio est\u00e1 de acordo com os termos apresentados nesta pol\u00edtica. Dom\u00ednios Cobertos Esta pol\u00edtica se aplica ao dom\u00ednio Achievemore.com.br e seus subdom\u00ednios. Informa\u00e7\u00f5es Coletadas\/ &hellip;\" \/>\n<meta property=\"og:url\" content=\"https:\/\/achievemore.com.br\/es\/politica-de-privacidade-achievemore\/\" \/>\n<meta property=\"og:site_name\" content=\"AchieveMore\" \/>\n<meta property=\"article:publisher\" content=\"https:\/\/www.facebook.com\/AchieveMore-106551281145982\/\" \/>\n<meta property=\"article:modified_time\" content=\"2025-02-28T18:32:49+00:00\" \/>\n<meta property=\"og:image\" content=\"https:\/\/achievemore.com.br\/wp-content\/uploads\/2025\/02\/Thumbnail.png\" \/>\n\t<meta property=\"og:image:width\" content=\"800\" \/>\n\t<meta property=\"og:image:height\" content=\"800\" \/>\n\t<meta property=\"og:image:type\" content=\"image\/png\" \/>\n<meta name=\"twitter:card\" content=\"summary_large_image\" \/>\n<meta name=\"twitter:label1\" content=\"Tiempo de lectura\" \/>\n\t<meta name=\"twitter:data1\" content=\"7 minutos\" \/>\n<script type=\"application\/ld+json\" class=\"yoast-schema-graph\">{\"@context\":\"https:\/\/schema.org\",\"@graph\":[{\"@type\":\"WebPage\",\"@id\":\"https:\/\/achievemore.com.br\/politica-de-privacidade-achievemore\/\",\"url\":\"https:\/\/achievemore.com.br\/politica-de-privacidade-achievemore\/\",\"name\":\"Pol\u00edtica de Privacidade - AchieveMore\",\"isPartOf\":{\"@id\":\"https:\/\/achievemore.com.br\/es\/#website\"},\"primaryImageOfPage\":{\"@id\":\"https:\/\/achievemore.com.br\/politica-de-privacidade-achievemore\/#primaryimage\"},\"image\":{\"@id\":\"https:\/\/achievemore.com.br\/politica-de-privacidade-achievemore\/#primaryimage\"},\"thumbnailUrl\":\"https:\/\/achievemore.com.br\/wp-content\/uploads\/2025\/02\/Thumbnail.png\",\"datePublished\":\"2025-02-14T19:14:03+00:00\",\"dateModified\":\"2025-02-28T18:32:49+00:00\",\"breadcrumb\":{\"@id\":\"https:\/\/achievemore.com.br\/politica-de-privacidade-achievemore\/#breadcrumb\"},\"inLanguage\":\"es\",\"potentialAction\":[{\"@type\":\"ReadAction\",\"target\":[\"https:\/\/achievemore.com.br\/politica-de-privacidade-achievemore\/\"]}]},{\"@type\":\"ImageObject\",\"inLanguage\":\"es\",\"@id\":\"https:\/\/achievemore.com.br\/politica-de-privacidade-achievemore\/#primaryimage\",\"url\":\"https:\/\/achievemore.com.br\/wp-content\/uploads\/2025\/02\/Thumbnail.png\",\"contentUrl\":\"https:\/\/achievemore.com.br\/wp-content\/uploads\/2025\/02\/Thumbnail.png\",\"width\":800,\"height\":800},{\"@type\":\"BreadcrumbList\",\"@id\":\"https:\/\/achievemore.com.br\/politica-de-privacidade-achievemore\/#breadcrumb\",\"itemListElement\":[{\"@type\":\"ListItem\",\"position\":1,\"name\":\"In\u00edcio\",\"item\":\"https:\/\/achievemore.com.br\/\"},{\"@type\":\"ListItem\",\"position\":2,\"name\":\"Pol\u00edtica de Privacidade\"}]},{\"@type\":\"WebSite\",\"@id\":\"https:\/\/achievemore.com.br\/es\/#website\",\"url\":\"https:\/\/achievemore.com.br\/es\/\",\"name\":\"AchieveMore\",\"description\":\"A AchieveMore \u00e9 um software de c\u00e1lculo de PLR, PPR e outras modalidades de incentivo vari\u00e1vel, que ajuda seu RH a se livrar de trabalhos manuais e conectar a estrat\u00e9gia da empresa com a execu\u00e7\u00e3o.\",\"potentialAction\":[{\"@type\":\"SearchAction\",\"target\":{\"@type\":\"EntryPoint\",\"urlTemplate\":\"https:\/\/achievemore.com.br\/es\/?s={search_term_string}\"},\"query-input\":{\"@type\":\"PropertyValueSpecification\",\"valueRequired\":true,\"valueName\":\"search_term_string\"}}],\"inLanguage\":\"es\"}]}<\/script>\n<!-- \/ Yoast SEO plugin. -->","yoast_head_json":{"title":"Pol\u00edtica de Privacidade - AchieveMore","robots":{"index":"index","follow":"follow","max-snippet":"max-snippet:-1","max-image-preview":"max-image-preview:large","max-video-preview":"max-video-preview:-1"},"canonical":"https:\/\/achievemore.com.br\/es\/politica-de-privacidade-achievemore\/","og_locale":"es_ES","og_type":"article","og_title":"Pol\u00edtica de Privacidade - AchieveMore","og_description":"Objetivo A Pol\u00edtica de Privacidade tem como finalidade estabelecer as rela\u00e7\u00f5es de comprometimento com a privacidade das informa\u00e7\u00f5es pessoais dos seus clientes usu\u00e1rios. Ao utilizar a aplica\u00e7\u00e3o e servi\u00e7os ACHIEVEMORE, o usu\u00e1rio est\u00e1 de acordo com os termos apresentados nesta pol\u00edtica. Dom\u00ednios Cobertos Esta pol\u00edtica se aplica ao dom\u00ednio Achievemore.com.br e seus subdom\u00ednios. Informa\u00e7\u00f5es Coletadas\/ &hellip;","og_url":"https:\/\/achievemore.com.br\/es\/politica-de-privacidade-achievemore\/","og_site_name":"AchieveMore","article_publisher":"https:\/\/www.facebook.com\/AchieveMore-106551281145982\/","article_modified_time":"2025-02-28T18:32:49+00:00","og_image":[{"width":800,"height":800,"url":"https:\/\/achievemore.com.br\/wp-content\/uploads\/2025\/02\/Thumbnail.png","type":"image\/png"}],"twitter_card":"summary_large_image","twitter_misc":{"Tiempo de lectura":"7 minutos"},"schema":{"@context":"https:\/\/schema.org","@graph":[{"@type":"WebPage","@id":"https:\/\/achievemore.com.br\/politica-de-privacidade-achievemore\/","url":"https:\/\/achievemore.com.br\/politica-de-privacidade-achievemore\/","name":"Pol\u00edtica de Privacidade - AchieveMore","isPartOf":{"@id":"https:\/\/achievemore.com.br\/es\/#website"},"primaryImageOfPage":{"@id":"https:\/\/achievemore.com.br\/politica-de-privacidade-achievemore\/#primaryimage"},"image":{"@id":"https:\/\/achievemore.com.br\/politica-de-privacidade-achievemore\/#primaryimage"},"thumbnailUrl":"https:\/\/achievemore.com.br\/wp-content\/uploads\/2025\/02\/Thumbnail.png","datePublished":"2025-02-14T19:14:03+00:00","dateModified":"2025-02-28T18:32:49+00:00","breadcrumb":{"@id":"https:\/\/achievemore.com.br\/politica-de-privacidade-achievemore\/#breadcrumb"},"inLanguage":"es","potentialAction":[{"@type":"ReadAction","target":["https:\/\/achievemore.com.br\/politica-de-privacidade-achievemore\/"]}]},{"@type":"ImageObject","inLanguage":"es","@id":"https:\/\/achievemore.com.br\/politica-de-privacidade-achievemore\/#primaryimage","url":"https:\/\/achievemore.com.br\/wp-content\/uploads\/2025\/02\/Thumbnail.png","contentUrl":"https:\/\/achievemore.com.br\/wp-content\/uploads\/2025\/02\/Thumbnail.png","width":800,"height":800},{"@type":"BreadcrumbList","@id":"https:\/\/achievemore.com.br\/politica-de-privacidade-achievemore\/#breadcrumb","itemListElement":[{"@type":"ListItem","position":1,"name":"In\u00edcio","item":"https:\/\/achievemore.com.br\/"},{"@type":"ListItem","position":2,"name":"Pol\u00edtica de Privacidade"}]},{"@type":"WebSite","@id":"https:\/\/achievemore.com.br\/es\/#website","url":"https:\/\/achievemore.com.br\/es\/","name":"AchieveMore","description":"AchieveMore es un software de c\u00e1lculo de PLR, PPR y otros incentivos variables que ayuda a su equipo de RRHH a deshacerse del trabajo manual y a conectar la estrategia de la empresa con la ejecuci\u00f3n.","potentialAction":[{"@type":"SearchAction","target":{"@type":"EntryPoint","urlTemplate":"https:\/\/achievemore.com.br\/es\/?s={search_term_string}"},"query-input":{"@type":"PropertyValueSpecification","valueRequired":true,"valueName":"search_term_string"}}],"inLanguage":"es"}]}},"_links":{"self":[{"href":"https:\/\/achievemore.com.br\/es\/wp-json\/wp\/v2\/pages\/6570","targetHints":{"allow":["GET"]}}],"collection":[{"href":"https:\/\/achievemore.com.br\/es\/wp-json\/wp\/v2\/pages"}],"about":[{"href":"https:\/\/achievemore.com.br\/es\/wp-json\/wp\/v2\/types\/page"}],"author":[{"embeddable":true,"href":"https:\/\/achievemore.com.br\/es\/wp-json\/wp\/v2\/users\/10"}],"replies":[{"embeddable":true,"href":"https:\/\/achievemore.com.br\/es\/wp-json\/wp\/v2\/comments?post=6570"}],"version-history":[{"count":9,"href":"https:\/\/achievemore.com.br\/es\/wp-json\/wp\/v2\/pages\/6570\/revisions"}],"predecessor-version":[{"id":6860,"href":"https:\/\/achievemore.com.br\/es\/wp-json\/wp\/v2\/pages\/6570\/revisions\/6860"}],"wp:featuredmedia":[{"embeddable":true,"href":"https:\/\/achievemore.com.br\/es\/wp-json\/wp\/v2\/media\/6902"}],"wp:attachment":[{"href":"https:\/\/achievemore.com.br\/es\/wp-json\/wp\/v2\/media?parent=6570"}],"curies":[{"name":"wp","href":"https:\/\/api.w.org\/{rel}","templated":true}]}}