{"id":6570,"date":"2025-02-14T16:14:03","date_gmt":"2025-02-14T19:14:03","guid":{"rendered":"https:\/\/achievemore.com.br\/?page_id=6570"},"modified":"2025-02-28T15:32:49","modified_gmt":"2025-02-28T18:32:49","slug":"politica-de-privacidade-achievemore","status":"publish","type":"page","link":"https:\/\/achievemore.com.br\/en\/politica-de-privacidade-achievemore\/","title":{"rendered":"Privacy Policy"},"content":{"rendered":"<div data-elementor-type=\"wp-page\" data-elementor-id=\"6570\" class=\"elementor elementor-6570\">\n\t\t\t\t\t\t<section class=\"elementor-section elementor-top-section elementor-element elementor-element-65703a8c elementor-section-boxed elementor-section-height-default elementor-section-height-default\" data-id=\"65703a8c\" data-element_type=\"section\">\n\t\t\t\t\t\t<div class=\"elementor-container elementor-column-gap-default\">\n\t\t\t\t\t<div class=\"elementor-column elementor-col-100 elementor-top-column elementor-element elementor-element-6caa1448\" data-id=\"6caa1448\" data-element_type=\"column\">\n\t\t\t<div class=\"elementor-widget-wrap elementor-element-populated\">\n\t\t\t\t\t\t<div class=\"elementor-element elementor-element-691cfc9b elementor-widget elementor-widget-text-editor\" data-id=\"691cfc9b\" data-element_type=\"widget\" data-widget_type=\"text-editor.default\">\n\t\t\t\t<div class=\"elementor-widget-container\">\n\t\t\t\t\t\t\t\t\t\n<p><strong>Purpose<\/strong><\/p>\n\n\n\n<p>The Privacy Policy is aimed at establishing the commitment relationships with the personal information privacy of your customers. By using the ACHIEVEMORE application and services, the user agrees with the terms set out in this policy.<\/p>\n\n\n\n<p>Covered Domains<\/p>\n\n\n\n<p>This policy applies to Achievemore.com.br domain and its subdomains.<\/p>\n\n\n\n<p>Information Collected \/ Use of Information<\/p>\n\n\n\n<p>For each user customer who accesses our solution, an ACHIEVEMORE automatically recognizes the visitor's domain, browser type and operating system, browser default language, IP and associated demographic information, and the log of sessions visited, activities performed and times of stay. This information is used only for internal demands, for the purposes of security management and analysis and improvement of the services provided by ACHIEVEMORE to its customers. ACHIEVEMORE also collects registration information of its users, such as name, company name, e-mail and cell phone, according to the content specified with the customer, at the time of contracting the service. This information is used for the communication and notification features contained in the solution. This information may also be used in receiving marketing communications and other ACHIEVEMORE communications. Information on how to disable the content received by ACHIEVEMORE can be found in the COMMUNICATION PREFERENCES section of this document.<\/p>\n\n\n\n<p><strong>Sharing of Collected Information<\/strong><\/p>\n\n\n\n<p>ACHIEVEMORE may share the data collected about its users with the Company's service providers, to ensure the quality of the information provided. Except as described in this Privacy Policy, ACHIEVEMORE does not share, sell, rent or exchange any information with third parties for promotional purposes. ACHIEVEMORE can partner with other companies to jointly offer products and services. If the customer acquires or expresses specific interest in one of these products or services, ACHIEVEMORE may share their collected information, in association with their purchase or expression of interest in the services with our partner(s). ACHIEVEMORE does not control how our business partners use the customer data we collect. Such use will be based on their own Privacy Policies. If the Customer does not wish to have their data shared in this way, they must avoid acquiring or expressing specific interest in any of these products or services offered together. ACHIEVEMORE reserves the right to use or disclose the information provided if required by law or if it has reasons to believe that such use or disclosure is necessary to protect their rights and\/or comply with any legal procedure, court order or judicial claim.<\/p>\n\n\n\n<p><strong>Retention of Collected Information<\/strong><\/p>\n\n\n\n<p>The personal information of the user and all information collected linked to their account will be retained as long as the service provision relationship between ACHIEVEMORE and the Customer is active. At the end of a contractual relationship between ACHIEVEMORE and the Customer, all the information provided, as well as the outputs generated through these, will be made available to the Customer.<\/p>\n\n\n\n<p><strong>Navigation Information<\/strong><\/p>\n\n\n\n<p>To capture the non-registration information used by the application, ACHIEVEMORE uses browser cookies, session cookies and persistent cookies. Browser cookies are generated by the user's own browser containing their demographic and browser information with each session initiated. Session cookies only last for one session. They disappear from your computer when you close your browser software or turn off your device. Persistent cookies remain on your computer after you close your browser or turn off your device. All cookies used, whether session or persistent, contain encrypted information that allows us to uniquely identify you. Cookies are required to access our services. User registration information is provided by the user and\/or customer to which it belongs.<\/p>\n\n\n\n<p><strong>Communication Preferences<\/strong><\/p>\n\n\n\n<p>ACHIEVEMORE offers Clients and Visitors who provide contact information a means of choosing how ACHIEVEMORE should use the information provided. The Client can manage its receipt of marketing and other communications by clicking on the \u201cunsubscribe here\u201d link located at the bottom of ACHIEVEMORE's marketing emails. In addition, you can send a request specifying your communication preferences to suporte@achievemore.com.br. The receipt of emails regarding notifications and application features can be managed by the user through their ACHIEVEMORE account, in the Alerts section.<\/p>\n\n\n\n<p><strong>Information security<\/strong><\/p>\n\n\n\n<p>Information security is a priority for ACHIEVEMORE. Therefore, we have a Security Policy that implements technical, physical and administrative measures in order to guarantee the protection of the information used in the application:<\/p>\n\n\n\n<p>These measures include:Human resources security policies: among the measures adopted are the signing of the ACHIEVEMORE Confidentiality Policy by all its employees and the adoption of an Access Levels Policy that ensures that only authorized key employees have access to the data centers they supply and host the application;<\/p>\n\n\n\n<p>Hosting security: our services are installed in high quality data centers, certified with international data security standards (ISO27001, ISO27002 and SSAE16). Data centers are equipped with devices that cover physical protection measures, environmental controls, energy and disaster recovery plan;<\/p>\n\n\n\n<p>Operational security: ACHIEVEMORE follows rigorous updating and maintenance processes, ensuring the continuity of service and the integrity of the information disclosed, in addition to keeping records and documentation of all these routines;<\/p>\n\n\n\n<p>Security in information traffic: ACHIEVEMORE has certifications that guarantee secure transmission protocols and sessions, in addition to perimeter firewalls and state-of-the-art routers, and encrypted login and password storage;<\/p>\n\n\n\n<p>The full Security Policy, which contains details of the measures adopted by ACHIEVEMORE, can be consulted in the Achievemore Security Policy document.<\/p>\n\n\n\n<p><strong>Use of Images\/ Photographs<\/strong><\/p>\n\n\n\n<p>Any image\/ photo used on this site\/ application is prohibited for download, republication, retransmission, reproduction or other purposes.<\/p>\n\n\n\n<p><strong>Information contained in Public Forums<\/strong><\/p>\n\n\n\n<p>ACHIEVEMORE may provide lists or blogs on its websites. All personal information that the User User submits to this type of forum may be read, collected or used by its visitors, including to send you unsolicited messages. ACHIEVEMORE is not responsible for the personal information that the User Customer decides to submit to these forums. ACHIEVEMORE may publish on its websites a list of Clients and testimonials that contain information such as names and positions of these clients. ACHIEVEMORE obtains the consent of each of these Customers before disclosing testimonials or any information on this list.<\/p>\n\n\n\n<p><strong>Notification of Policy Changes<\/strong><\/p>\n\n\n\n<p>ACHIEVEMORE reserves the right to change this policy whenever deemed necessary. In the event of any change, the User Clients will be notified 30 (thirty) business days prior to the entry into force.<\/p>\n\n\n\n<p><strong>Contact<\/strong><\/p>\n\n\n\n<p>In case of questions related to the ACHIEVEMORE Privacy Policy, the user customer can get in touch through the channel suporte@achievemore.com.br.<\/p>\n\n\n\n<p>Version 3.6 - Last Update \/ revision: FEV21<\/p>\n\t\t\t\t\t\t\t\t<\/div>\n\t\t\t\t<\/div>\n\t\t\t\t\t<\/div>\n\t\t<\/div>\n\t\t\t\t\t<\/div>\n\t\t<\/section>\n\t\t\t\t<\/div>","protected":false},"excerpt":{"rendered":"<p>Objetivo A Pol\u00edtica de Privacidade tem como finalidade estabelecer as rela\u00e7\u00f5es de comprometimento com a privacidade das informa\u00e7\u00f5es pessoais dos seus clientes usu\u00e1rios. Ao utilizar a aplica\u00e7\u00e3o e servi\u00e7os ACHIEVEMORE, o usu\u00e1rio est\u00e1 de acordo com os termos apresentados nesta pol\u00edtica. Dom\u00ednios Cobertos Esta pol\u00edtica se aplica ao dom\u00ednio Achievemore.com.br e seus subdom\u00ednios. Informa\u00e7\u00f5es Coletadas\/ &hellip; <\/p>","protected":false},"author":10,"featured_media":6902,"parent":0,"menu_order":0,"comment_status":"closed","ping_status":"closed","template":"","meta":{"_acf_changed":false,"footnotes":""},"class_list":["post-6570","page","type-page","status-publish","has-post-thumbnail","hentry"],"acf":[],"yoast_head":"<!-- This site is optimized with the Yoast SEO plugin v26.5 - https:\/\/yoast.com\/wordpress\/plugins\/seo\/ -->\n<title>Pol\u00edtica de Privacidade - AchieveMore<\/title>\n<meta name=\"robots\" content=\"index, follow, max-snippet:-1, max-image-preview:large, max-video-preview:-1\" \/>\n<link rel=\"canonical\" href=\"https:\/\/achievemore.com.br\/en\/politica-de-privacidade-achievemore\/\" \/>\n<meta property=\"og:locale\" content=\"en_US\" \/>\n<meta property=\"og:type\" content=\"article\" \/>\n<meta property=\"og:title\" content=\"Pol\u00edtica de Privacidade - AchieveMore\" \/>\n<meta property=\"og:description\" content=\"Objetivo A Pol\u00edtica de Privacidade tem como finalidade estabelecer as rela\u00e7\u00f5es de comprometimento com a privacidade das informa\u00e7\u00f5es pessoais dos seus clientes usu\u00e1rios. Ao utilizar a aplica\u00e7\u00e3o e servi\u00e7os ACHIEVEMORE, o usu\u00e1rio est\u00e1 de acordo com os termos apresentados nesta pol\u00edtica. Dom\u00ednios Cobertos Esta pol\u00edtica se aplica ao dom\u00ednio Achievemore.com.br e seus subdom\u00ednios. Informa\u00e7\u00f5es Coletadas\/ &hellip;\" \/>\n<meta property=\"og:url\" content=\"https:\/\/achievemore.com.br\/en\/politica-de-privacidade-achievemore\/\" \/>\n<meta property=\"og:site_name\" content=\"AchieveMore\" \/>\n<meta property=\"article:publisher\" content=\"https:\/\/www.facebook.com\/AchieveMore-106551281145982\/\" \/>\n<meta property=\"article:modified_time\" content=\"2025-02-28T18:32:49+00:00\" \/>\n<meta property=\"og:image\" content=\"https:\/\/achievemore.com.br\/wp-content\/uploads\/2025\/02\/Thumbnail.png\" \/>\n\t<meta property=\"og:image:width\" content=\"800\" \/>\n\t<meta property=\"og:image:height\" content=\"800\" \/>\n\t<meta property=\"og:image:type\" content=\"image\/png\" \/>\n<meta name=\"twitter:card\" content=\"summary_large_image\" \/>\n<meta name=\"twitter:label1\" content=\"Est. reading time\" \/>\n\t<meta name=\"twitter:data1\" content=\"7 minutes\" \/>\n<script type=\"application\/ld+json\" class=\"yoast-schema-graph\">{\"@context\":\"https:\/\/schema.org\",\"@graph\":[{\"@type\":\"WebPage\",\"@id\":\"https:\/\/achievemore.com.br\/politica-de-privacidade-achievemore\/\",\"url\":\"https:\/\/achievemore.com.br\/politica-de-privacidade-achievemore\/\",\"name\":\"Pol\u00edtica de Privacidade - AchieveMore\",\"isPartOf\":{\"@id\":\"https:\/\/achievemore.com.br\/es\/#website\"},\"primaryImageOfPage\":{\"@id\":\"https:\/\/achievemore.com.br\/politica-de-privacidade-achievemore\/#primaryimage\"},\"image\":{\"@id\":\"https:\/\/achievemore.com.br\/politica-de-privacidade-achievemore\/#primaryimage\"},\"thumbnailUrl\":\"https:\/\/achievemore.com.br\/wp-content\/uploads\/2025\/02\/Thumbnail.png\",\"datePublished\":\"2025-02-14T19:14:03+00:00\",\"dateModified\":\"2025-02-28T18:32:49+00:00\",\"breadcrumb\":{\"@id\":\"https:\/\/achievemore.com.br\/politica-de-privacidade-achievemore\/#breadcrumb\"},\"inLanguage\":\"en-US\",\"potentialAction\":[{\"@type\":\"ReadAction\",\"target\":[\"https:\/\/achievemore.com.br\/politica-de-privacidade-achievemore\/\"]}]},{\"@type\":\"ImageObject\",\"inLanguage\":\"en-US\",\"@id\":\"https:\/\/achievemore.com.br\/politica-de-privacidade-achievemore\/#primaryimage\",\"url\":\"https:\/\/achievemore.com.br\/wp-content\/uploads\/2025\/02\/Thumbnail.png\",\"contentUrl\":\"https:\/\/achievemore.com.br\/wp-content\/uploads\/2025\/02\/Thumbnail.png\",\"width\":800,\"height\":800},{\"@type\":\"BreadcrumbList\",\"@id\":\"https:\/\/achievemore.com.br\/politica-de-privacidade-achievemore\/#breadcrumb\",\"itemListElement\":[{\"@type\":\"ListItem\",\"position\":1,\"name\":\"In\u00edcio\",\"item\":\"https:\/\/achievemore.com.br\/\"},{\"@type\":\"ListItem\",\"position\":2,\"name\":\"Pol\u00edtica de Privacidade\"}]},{\"@type\":\"WebSite\",\"@id\":\"https:\/\/achievemore.com.br\/es\/#website\",\"url\":\"https:\/\/achievemore.com.br\/es\/\",\"name\":\"AchieveMore\",\"description\":\"A AchieveMore \u00e9 um software de c\u00e1lculo de PLR, PPR e outras modalidades de incentivo vari\u00e1vel, que ajuda seu RH a se livrar de trabalhos manuais e conectar a estrat\u00e9gia da empresa com a execu\u00e7\u00e3o.\",\"potentialAction\":[{\"@type\":\"SearchAction\",\"target\":{\"@type\":\"EntryPoint\",\"urlTemplate\":\"https:\/\/achievemore.com.br\/es\/?s={search_term_string}\"},\"query-input\":{\"@type\":\"PropertyValueSpecification\",\"valueRequired\":true,\"valueName\":\"search_term_string\"}}],\"inLanguage\":\"en-US\"}]}<\/script>\n<!-- \/ Yoast SEO plugin. -->","yoast_head_json":{"title":"Pol\u00edtica de Privacidade - AchieveMore","robots":{"index":"index","follow":"follow","max-snippet":"max-snippet:-1","max-image-preview":"max-image-preview:large","max-video-preview":"max-video-preview:-1"},"canonical":"https:\/\/achievemore.com.br\/en\/politica-de-privacidade-achievemore\/","og_locale":"en_US","og_type":"article","og_title":"Pol\u00edtica de Privacidade - AchieveMore","og_description":"Objetivo A Pol\u00edtica de Privacidade tem como finalidade estabelecer as rela\u00e7\u00f5es de comprometimento com a privacidade das informa\u00e7\u00f5es pessoais dos seus clientes usu\u00e1rios. Ao utilizar a aplica\u00e7\u00e3o e servi\u00e7os ACHIEVEMORE, o usu\u00e1rio est\u00e1 de acordo com os termos apresentados nesta pol\u00edtica. Dom\u00ednios Cobertos Esta pol\u00edtica se aplica ao dom\u00ednio Achievemore.com.br e seus subdom\u00ednios. Informa\u00e7\u00f5es Coletadas\/ &hellip;","og_url":"https:\/\/achievemore.com.br\/en\/politica-de-privacidade-achievemore\/","og_site_name":"AchieveMore","article_publisher":"https:\/\/www.facebook.com\/AchieveMore-106551281145982\/","article_modified_time":"2025-02-28T18:32:49+00:00","og_image":[{"width":800,"height":800,"url":"https:\/\/achievemore.com.br\/wp-content\/uploads\/2025\/02\/Thumbnail.png","type":"image\/png"}],"twitter_card":"summary_large_image","twitter_misc":{"Est. reading time":"7 minutes"},"schema":{"@context":"https:\/\/schema.org","@graph":[{"@type":"WebPage","@id":"https:\/\/achievemore.com.br\/politica-de-privacidade-achievemore\/","url":"https:\/\/achievemore.com.br\/politica-de-privacidade-achievemore\/","name":"Pol\u00edtica de Privacidade - AchieveMore","isPartOf":{"@id":"https:\/\/achievemore.com.br\/es\/#website"},"primaryImageOfPage":{"@id":"https:\/\/achievemore.com.br\/politica-de-privacidade-achievemore\/#primaryimage"},"image":{"@id":"https:\/\/achievemore.com.br\/politica-de-privacidade-achievemore\/#primaryimage"},"thumbnailUrl":"https:\/\/achievemore.com.br\/wp-content\/uploads\/2025\/02\/Thumbnail.png","datePublished":"2025-02-14T19:14:03+00:00","dateModified":"2025-02-28T18:32:49+00:00","breadcrumb":{"@id":"https:\/\/achievemore.com.br\/politica-de-privacidade-achievemore\/#breadcrumb"},"inLanguage":"en-US","potentialAction":[{"@type":"ReadAction","target":["https:\/\/achievemore.com.br\/politica-de-privacidade-achievemore\/"]}]},{"@type":"ImageObject","inLanguage":"en-US","@id":"https:\/\/achievemore.com.br\/politica-de-privacidade-achievemore\/#primaryimage","url":"https:\/\/achievemore.com.br\/wp-content\/uploads\/2025\/02\/Thumbnail.png","contentUrl":"https:\/\/achievemore.com.br\/wp-content\/uploads\/2025\/02\/Thumbnail.png","width":800,"height":800},{"@type":"BreadcrumbList","@id":"https:\/\/achievemore.com.br\/politica-de-privacidade-achievemore\/#breadcrumb","itemListElement":[{"@type":"ListItem","position":1,"name":"In\u00edcio","item":"https:\/\/achievemore.com.br\/"},{"@type":"ListItem","position":2,"name":"Pol\u00edtica de Privacidade"}]},{"@type":"WebSite","@id":"https:\/\/achievemore.com.br\/es\/#website","url":"https:\/\/achievemore.com.br\/es\/","name":"AchieveMore","description":"AchieveMore is a PLR, PPR and other variable incentive calculation software that helps your HR department get rid of manual work and connect company strategy with execution.","potentialAction":[{"@type":"SearchAction","target":{"@type":"EntryPoint","urlTemplate":"https:\/\/achievemore.com.br\/es\/?s={search_term_string}"},"query-input":{"@type":"PropertyValueSpecification","valueRequired":true,"valueName":"search_term_string"}}],"inLanguage":"en-US"}]}},"_links":{"self":[{"href":"https:\/\/achievemore.com.br\/en\/wp-json\/wp\/v2\/pages\/6570","targetHints":{"allow":["GET"]}}],"collection":[{"href":"https:\/\/achievemore.com.br\/en\/wp-json\/wp\/v2\/pages"}],"about":[{"href":"https:\/\/achievemore.com.br\/en\/wp-json\/wp\/v2\/types\/page"}],"author":[{"embeddable":true,"href":"https:\/\/achievemore.com.br\/en\/wp-json\/wp\/v2\/users\/10"}],"replies":[{"embeddable":true,"href":"https:\/\/achievemore.com.br\/en\/wp-json\/wp\/v2\/comments?post=6570"}],"version-history":[{"count":9,"href":"https:\/\/achievemore.com.br\/en\/wp-json\/wp\/v2\/pages\/6570\/revisions"}],"predecessor-version":[{"id":6860,"href":"https:\/\/achievemore.com.br\/en\/wp-json\/wp\/v2\/pages\/6570\/revisions\/6860"}],"wp:featuredmedia":[{"embeddable":true,"href":"https:\/\/achievemore.com.br\/en\/wp-json\/wp\/v2\/media\/6902"}],"wp:attachment":[{"href":"https:\/\/achievemore.com.br\/en\/wp-json\/wp\/v2\/media?parent=6570"}],"curies":[{"name":"wp","href":"https:\/\/api.w.org\/{rel}","templated":true}]}}