{"id":286,"date":"2021-03-10T19:56:56","date_gmt":"2021-03-10T22:56:56","guid":{"rendered":"https:\/\/achievemore.com.br\/?page_id=286"},"modified":"2025-02-28T15:32:09","modified_gmt":"2025-02-28T18:32:09","slug":"sobre-nos","status":"publish","type":"page","link":"https:\/\/achievemore.com.br\/en\/sobre-nos\/","title":{"rendered":"About Us"},"content":{"rendered":"<div data-elementor-type=\"wp-page\" data-elementor-id=\"286\" class=\"elementor elementor-286\">\n\t\t\t\t\t\t<section class=\"elementor-section elementor-top-section elementor-element elementor-element-9c7f55a elementor-section-boxed elementor-section-height-default elementor-section-height-default\" data-id=\"9c7f55a\" data-element_type=\"section\" data-settings=\"{&quot;background_background&quot;:&quot;classic&quot;}\">\n\t\t\t\t\t\t<div class=\"elementor-container elementor-column-gap-default\">\n\t\t\t\t\t<div class=\"elementor-column elementor-col-50 elementor-top-column elementor-element elementor-element-c8462e3\" data-id=\"c8462e3\" data-element_type=\"column\">\n\t\t\t<div class=\"elementor-widget-wrap elementor-element-populated\">\n\t\t\t\t\t\t<div class=\"elementor-element elementor-element-795de60 elementor-widget elementor-widget-heading\" data-id=\"795de60\" data-element_type=\"widget\" data-widget_type=\"heading.default\">\n\t\t\t\t<div class=\"elementor-widget-container\">\n\t\t\t\t\t<h2 class=\"elementor-heading-title elementor-size-default\">About Us<\/h2>\t\t\t\t<\/div>\n\t\t\t\t<\/div>\n\t\t\t\t<div class=\"elementor-element elementor-element-fe37766 elementor-widget elementor-widget-text-editor\" data-id=\"fe37766\" data-element_type=\"widget\" data-widget_type=\"text-editor.default\">\n\t\t\t\t<div class=\"elementor-widget-container\">\n\t\t\t\t\t\t\t\t\t<p><span style=\"font-weight: 400;\">AchieveMore was developed with the purpose of offering the best solution to implement a meritocratic organizational culture through reward systems. Everything in a simple, reliable, agile and efficient way.\u00a0<\/span><\/p><p><span style=\"font-weight: 400;\">We believe that the search for results is planned and managed through the definition of objectives, capturing opportunities and rewarding the results achieved.<\/span><\/p><p><span style=\"font-weight: 400;\">Our team works together and is constantly seeking to offer the best solutions. We always seek to deliver to our customers and global partners simplified, straightforward and effective solutions that make a difference in the results and daily routine of the entire team.\u00a0<\/span><\/p><p><span style=\"font-weight: 400;\">We are  very proud of our team!<\/span><\/p>\t\t\t\t\t\t\t\t<\/div>\n\t\t\t\t<\/div>\n\t\t\t\t\t<\/div>\n\t\t<\/div>\n\t\t\t\t<div class=\"elementor-column elementor-col-50 elementor-top-column elementor-element elementor-element-8d8d8c3\" data-id=\"8d8d8c3\" data-element_type=\"column\" data-settings=\"{&quot;background_background&quot;:&quot;classic&quot;}\">\n\t\t\t<div class=\"elementor-widget-wrap elementor-element-populated\">\n\t\t\t\t\t\t<div class=\"elementor-element elementor-element-817ade3 elementor-widget elementor-widget-image\" data-id=\"817ade3\" data-element_type=\"widget\" data-widget_type=\"image.default\">\n\t\t\t\t<div class=\"elementor-widget-container\">\n\t\t\t\t\t\t\t\t\t\t\t\t\t\t\t<img fetchpriority=\"high\" decoding=\"async\" width=\"1138\" height=\"500\" src=\"https:\/\/achievemore.com.br\/wp-content\/uploads\/2025\/02\/Team-bro.svg\" class=\"attachment-full size-full wp-image-6773\" alt=\"\" \/>\t\t\t\t\t\t\t\t\t\t\t\t\t\t\t<\/div>\n\t\t\t\t<\/div>\n\t\t\t\t\t<\/div>\n\t\t<\/div>\n\t\t\t\t\t<\/div>\n\t\t<\/section>\n\t\t\t\t<\/div>","protected":false},"excerpt":{"rendered":"<p>Sobre n\u00f3s A AchieveMore foi desenvolvida com o prop\u00f3sito de oferecer a melhor solu\u00e7\u00e3o para implementar uma cultura organizacional meritocr\u00e1tica atrav\u00e9s de sistemas de recompensa. Tudo de uma maneira simples, confi\u00e1vel, \u00e1gil e eficiente.\u00a0 Acreditamos que a procura pelos resultados \u00e9 planejada e gerenciada atrav\u00e9s da defini\u00e7\u00e3o de objetivos, da captura de oportunidades e da &hellip; <\/p>","protected":false},"author":5,"featured_media":6902,"parent":0,"menu_order":0,"comment_status":"closed","ping_status":"closed","template":"","meta":{"_acf_changed":false,"footnotes":""},"class_list":["post-286","page","type-page","status-publish","has-post-thumbnail","hentry"],"acf":[],"yoast_head":"<!-- This site is optimized with the Yoast SEO plugin v26.5 - https:\/\/yoast.com\/wordpress\/plugins\/seo\/ -->\n<title>Sobre n\u00f3s - AchieveMore<\/title>\n<meta name=\"robots\" content=\"index, follow, max-snippet:-1, max-image-preview:large, max-video-preview:-1\" \/>\n<link rel=\"canonical\" href=\"https:\/\/achievemore.com.br\/en\/sobre-nos\/\" \/>\n<meta property=\"og:locale\" content=\"en_US\" \/>\n<meta property=\"og:type\" content=\"article\" \/>\n<meta property=\"og:title\" content=\"Sobre n\u00f3s - AchieveMore\" \/>\n<meta property=\"og:description\" content=\"Sobre n\u00f3s A AchieveMore foi desenvolvida com o prop\u00f3sito de oferecer a melhor solu\u00e7\u00e3o para implementar uma cultura organizacional meritocr\u00e1tica atrav\u00e9s de sistemas de recompensa. Tudo de uma maneira simples, confi\u00e1vel, \u00e1gil e eficiente.\u00a0 Acreditamos que a procura pelos resultados \u00e9 planejada e gerenciada atrav\u00e9s da defini\u00e7\u00e3o de objetivos, da captura de oportunidades e da &hellip;\" \/>\n<meta property=\"og:url\" content=\"https:\/\/achievemore.com.br\/en\/sobre-nos\/\" \/>\n<meta property=\"og:site_name\" content=\"AchieveMore\" \/>\n<meta property=\"article:publisher\" content=\"https:\/\/www.facebook.com\/AchieveMore-106551281145982\/\" \/>\n<meta property=\"article:modified_time\" content=\"2025-02-28T18:32:09+00:00\" \/>\n<meta property=\"og:image\" content=\"https:\/\/achievemore.com.br\/wp-content\/uploads\/2025\/02\/Thumbnail.png\" \/>\n\t<meta property=\"og:image:width\" content=\"800\" \/>\n\t<meta property=\"og:image:height\" content=\"800\" \/>\n\t<meta property=\"og:image:type\" content=\"image\/png\" \/>\n<meta name=\"twitter:card\" content=\"summary_large_image\" \/>\n<meta name=\"twitter:label1\" content=\"Est. reading time\" \/>\n\t<meta name=\"twitter:data1\" content=\"1 minute\" \/>\n<script type=\"application\/ld+json\" class=\"yoast-schema-graph\">{\"@context\":\"https:\/\/schema.org\",\"@graph\":[{\"@type\":\"WebPage\",\"@id\":\"https:\/\/achievemore.com.br\/sobre-nos\/\",\"url\":\"https:\/\/achievemore.com.br\/sobre-nos\/\",\"name\":\"Sobre n\u00f3s - AchieveMore\",\"isPartOf\":{\"@id\":\"https:\/\/achievemore.com.br\/es\/#website\"},\"primaryImageOfPage\":{\"@id\":\"https:\/\/achievemore.com.br\/sobre-nos\/#primaryimage\"},\"image\":{\"@id\":\"https:\/\/achievemore.com.br\/sobre-nos\/#primaryimage\"},\"thumbnailUrl\":\"https:\/\/achievemore.com.br\/wp-content\/uploads\/2025\/02\/Thumbnail.png\",\"datePublished\":\"2021-03-10T22:56:56+00:00\",\"dateModified\":\"2025-02-28T18:32:09+00:00\",\"breadcrumb\":{\"@id\":\"https:\/\/achievemore.com.br\/sobre-nos\/#breadcrumb\"},\"inLanguage\":\"en-US\",\"potentialAction\":[{\"@type\":\"ReadAction\",\"target\":[\"https:\/\/achievemore.com.br\/sobre-nos\/\"]}]},{\"@type\":\"ImageObject\",\"inLanguage\":\"en-US\",\"@id\":\"https:\/\/achievemore.com.br\/sobre-nos\/#primaryimage\",\"url\":\"https:\/\/achievemore.com.br\/wp-content\/uploads\/2025\/02\/Thumbnail.png\",\"contentUrl\":\"https:\/\/achievemore.com.br\/wp-content\/uploads\/2025\/02\/Thumbnail.png\",\"width\":800,\"height\":800},{\"@type\":\"BreadcrumbList\",\"@id\":\"https:\/\/achievemore.com.br\/sobre-nos\/#breadcrumb\",\"itemListElement\":[{\"@type\":\"ListItem\",\"position\":1,\"name\":\"In\u00edcio\",\"item\":\"https:\/\/achievemore.com.br\/\"},{\"@type\":\"ListItem\",\"position\":2,\"name\":\"Sobre n\u00f3s\"}]},{\"@type\":\"WebSite\",\"@id\":\"https:\/\/achievemore.com.br\/es\/#website\",\"url\":\"https:\/\/achievemore.com.br\/es\/\",\"name\":\"AchieveMore\",\"description\":\"A AchieveMore \u00e9 um software de c\u00e1lculo de PLR, PPR e outras modalidades de incentivo vari\u00e1vel, que ajuda seu RH a se livrar de trabalhos manuais e conectar a estrat\u00e9gia da empresa com a execu\u00e7\u00e3o.\",\"potentialAction\":[{\"@type\":\"SearchAction\",\"target\":{\"@type\":\"EntryPoint\",\"urlTemplate\":\"https:\/\/achievemore.com.br\/es\/?s={search_term_string}\"},\"query-input\":{\"@type\":\"PropertyValueSpecification\",\"valueRequired\":true,\"valueName\":\"search_term_string\"}}],\"inLanguage\":\"en-US\"}]}<\/script>\n<!-- \/ Yoast SEO plugin. -->","yoast_head_json":{"title":"Sobre n\u00f3s - AchieveMore","robots":{"index":"index","follow":"follow","max-snippet":"max-snippet:-1","max-image-preview":"max-image-preview:large","max-video-preview":"max-video-preview:-1"},"canonical":"https:\/\/achievemore.com.br\/en\/sobre-nos\/","og_locale":"en_US","og_type":"article","og_title":"Sobre n\u00f3s - AchieveMore","og_description":"Sobre n\u00f3s A AchieveMore foi desenvolvida com o prop\u00f3sito de oferecer a melhor solu\u00e7\u00e3o para implementar uma cultura organizacional meritocr\u00e1tica atrav\u00e9s de sistemas de recompensa. Tudo de uma maneira simples, confi\u00e1vel, \u00e1gil e eficiente.\u00a0 Acreditamos que a procura pelos resultados \u00e9 planejada e gerenciada atrav\u00e9s da defini\u00e7\u00e3o de objetivos, da captura de oportunidades e da &hellip;","og_url":"https:\/\/achievemore.com.br\/en\/sobre-nos\/","og_site_name":"AchieveMore","article_publisher":"https:\/\/www.facebook.com\/AchieveMore-106551281145982\/","article_modified_time":"2025-02-28T18:32:09+00:00","og_image":[{"width":800,"height":800,"url":"https:\/\/achievemore.com.br\/wp-content\/uploads\/2025\/02\/Thumbnail.png","type":"image\/png"}],"twitter_card":"summary_large_image","twitter_misc":{"Est. reading time":"1 minute"},"schema":{"@context":"https:\/\/schema.org","@graph":[{"@type":"WebPage","@id":"https:\/\/achievemore.com.br\/sobre-nos\/","url":"https:\/\/achievemore.com.br\/sobre-nos\/","name":"Sobre n\u00f3s - AchieveMore","isPartOf":{"@id":"https:\/\/achievemore.com.br\/es\/#website"},"primaryImageOfPage":{"@id":"https:\/\/achievemore.com.br\/sobre-nos\/#primaryimage"},"image":{"@id":"https:\/\/achievemore.com.br\/sobre-nos\/#primaryimage"},"thumbnailUrl":"https:\/\/achievemore.com.br\/wp-content\/uploads\/2025\/02\/Thumbnail.png","datePublished":"2021-03-10T22:56:56+00:00","dateModified":"2025-02-28T18:32:09+00:00","breadcrumb":{"@id":"https:\/\/achievemore.com.br\/sobre-nos\/#breadcrumb"},"inLanguage":"en-US","potentialAction":[{"@type":"ReadAction","target":["https:\/\/achievemore.com.br\/sobre-nos\/"]}]},{"@type":"ImageObject","inLanguage":"en-US","@id":"https:\/\/achievemore.com.br\/sobre-nos\/#primaryimage","url":"https:\/\/achievemore.com.br\/wp-content\/uploads\/2025\/02\/Thumbnail.png","contentUrl":"https:\/\/achievemore.com.br\/wp-content\/uploads\/2025\/02\/Thumbnail.png","width":800,"height":800},{"@type":"BreadcrumbList","@id":"https:\/\/achievemore.com.br\/sobre-nos\/#breadcrumb","itemListElement":[{"@type":"ListItem","position":1,"name":"In\u00edcio","item":"https:\/\/achievemore.com.br\/"},{"@type":"ListItem","position":2,"name":"Sobre n\u00f3s"}]},{"@type":"WebSite","@id":"https:\/\/achievemore.com.br\/es\/#website","url":"https:\/\/achievemore.com.br\/es\/","name":"AchieveMore","description":"AchieveMore is a PLR, PPR and other variable incentive calculation software that helps your HR department get rid of manual work and connect company strategy with execution.","potentialAction":[{"@type":"SearchAction","target":{"@type":"EntryPoint","urlTemplate":"https:\/\/achievemore.com.br\/es\/?s={search_term_string}"},"query-input":{"@type":"PropertyValueSpecification","valueRequired":true,"valueName":"search_term_string"}}],"inLanguage":"en-US"}]}},"_links":{"self":[{"href":"https:\/\/achievemore.com.br\/en\/wp-json\/wp\/v2\/pages\/286","targetHints":{"allow":["GET"]}}],"collection":[{"href":"https:\/\/achievemore.com.br\/en\/wp-json\/wp\/v2\/pages"}],"about":[{"href":"https:\/\/achievemore.com.br\/en\/wp-json\/wp\/v2\/types\/page"}],"author":[{"embeddable":true,"href":"https:\/\/achievemore.com.br\/en\/wp-json\/wp\/v2\/users\/5"}],"replies":[{"embeddable":true,"href":"https:\/\/achievemore.com.br\/en\/wp-json\/wp\/v2\/comments?post=286"}],"version-history":[{"count":95,"href":"https:\/\/achievemore.com.br\/en\/wp-json\/wp\/v2\/pages\/286\/revisions"}],"predecessor-version":[{"id":6863,"href":"https:\/\/achievemore.com.br\/en\/wp-json\/wp\/v2\/pages\/286\/revisions\/6863"}],"wp:featuredmedia":[{"embeddable":true,"href":"https:\/\/achievemore.com.br\/en\/wp-json\/wp\/v2\/media\/6902"}],"wp:attachment":[{"href":"https:\/\/achievemore.com.br\/en\/wp-json\/wp\/v2\/media?parent=286"}],"curies":[{"name":"wp","href":"https:\/\/api.w.org\/{rel}","templated":true}]}}